{"id":20,"date":"2020-03-26T16:27:45","date_gmt":"2020-03-26T16:27:45","guid":{"rendered":"http:\/\/avilaconstruccionesyreformas.es\/?page_id=20"},"modified":"2023-09-01T19:47:15","modified_gmt":"2023-09-01T19:47:15","slug":"empresa-de-reformas","status":"publish","type":"page","link":"https:\/\/avilaconstruccionesyreformas.es\/","title":{"rendered":"Empresa de reformas"},"content":{"rendered":"\n<h2 class=\"wp-block-heading\">IDEAS, PLANIFICACI\u00d3N Y SATISFACCI\u00d3N.<\/h2>\n\n\n\n<p><strong>\u00bfQuiere sentir el confort en su casa, no pasar fr\u00edo, no tener humedades, no sentir mucho calor en verano? Le ofrecemos una soluci\u00f3n que es el\u00a0<em>corcho proyectado.<\/em> Mejora el aspecto de su vivienda y le da valor. Su deseo hecho realidad. Porque podemos ayudarle con un producto de calidad y con garant\u00eda. Probablemente \u00bfQuiere sentirse liberado\/a y por eso quiere arreglar el piso cuanto antes para tener tiempo libre y dedicarlo a otra cosas? Expl\u00edcanos tus ideas y nosotros buscaremos soluciones. Tal vez podemos ayudarle\/a. Somos un equipo con amplia experiencia. Trabajamos con los mejores proveedores de materiales de construcci\u00f3n con buenos precios sin perder calidad y con las certificaciones europeas para ofrecer calidad y garant\u00eda. Usted puede comparar con otros sitios. Cons\u00faltenos antes, durante y despu\u00e9s de la reforma o trabajo. D\u00edganos c\u00f3mo nos ha encontrado y porque nos recomendar\u00eda. Su valoraci\u00f3n de los resultados y lo que ha funcionado. <\/strong><\/p>\n","protected":false},"excerpt":{"rendered":"<p>IDEAS, PLANIFICACI\u00d3N Y SATISFACCI\u00d3N. \u00bfQuiere sentir el confort en su casa, no pasar fr\u00edo, no tener humedades, no sentir mucho calor en verano? Le ofrecemos una soluci\u00f3n que es el\u00a0corcho proyectado. Mejora el aspecto de su vivienda y le da valor. Su deseo hecho realidad. &hellip; <a href=\"https:\/\/avilaconstruccionesyreformas.es\/\" class=\"more-link\"><span>Seguir leyendo<span class=\"screen-reader-text\">Empresa de reformas<\/span><\/span><\/a><\/p>\n","protected":false},"author":1,"featured_media":0,"parent":0,"menu_order":0,"comment_status":"closed","ping_status":"closed","template":"","meta":{"_joinchat":[],"footnotes":""},"class_list":["post-20","page","type-page","status-publish","hentry"],"yoast_head":"<!-- This site is optimized with the Yoast SEO plugin v27.6 - https:\/\/yoast.com\/product\/yoast-seo-wordpress\/ -->\n<title>Empresa de reformas - Avila Construcciones y Reformas<\/title>\n<meta name=\"robots\" content=\"index, follow, max-snippet:-1, max-image-preview:large, max-video-preview:-1\" \/>\n<link rel=\"canonical\" href=\"http:\/\/avilaconstruccionesyreformas.es\/\" \/>\n<meta property=\"og:locale\" content=\"es_ES\" \/>\n<meta property=\"og:type\" content=\"article\" \/>\n<meta property=\"og:title\" content=\"Empresa de reformas - Avila Construcciones y Reformas\" \/>\n<meta property=\"og:description\" content=\"IDEAS, PLANIFICACI\u00d3N Y SATISFACCI\u00d3N. \u00bfQuiere sentir el confort en su casa, no pasar fr\u00edo, no tener humedades, no sentir mucho calor en verano? Le ofrecemos una soluci\u00f3n que es el\u00a0corcho proyectado. Mejora el aspecto de su vivienda y le da valor. Su deseo hecho realidad. &hellip; Seguir leyendoEmpresa de reformas\" \/>\n<meta property=\"og:url\" content=\"http:\/\/avilaconstruccionesyreformas.es\/\" \/>\n<meta property=\"og:site_name\" content=\"Avila Construcciones y Reformas\" \/>\n<meta property=\"article:modified_time\" content=\"2023-09-01T19:47:15+00:00\" \/>\n<meta name=\"twitter:card\" content=\"summary_large_image\" \/>\n<meta name=\"twitter:label1\" content=\"Tiempo de lectura\" \/>\n\t<meta name=\"twitter:data1\" content=\"1 minuto\" \/>\n<script type=\"application\/ld+json\" class=\"yoast-schema-graph\">{\"@context\":\"https:\\\/\\\/schema.org\",\"@graph\":[{\"@type\":\"WebPage\",\"@id\":\"http:\\\/\\\/avilaconstruccionesyreformas.es\\\/\",\"url\":\"http:\\\/\\\/avilaconstruccionesyreformas.es\\\/\",\"name\":\"Empresa de reformas - Avila Construcciones y Reformas\",\"isPartOf\":{\"@id\":\"http:\\\/\\\/avilaconstruccionesyreformas.es\\\/#website\"},\"datePublished\":\"2020-03-26T16:27:45+00:00\",\"dateModified\":\"2023-09-01T19:47:15+00:00\",\"breadcrumb\":{\"@id\":\"http:\\\/\\\/avilaconstruccionesyreformas.es\\\/#breadcrumb\"},\"inLanguage\":\"es\",\"potentialAction\":[{\"@type\":\"ReadAction\",\"target\":[\"http:\\\/\\\/avilaconstruccionesyreformas.es\\\/\"]}]},{\"@type\":\"BreadcrumbList\",\"@id\":\"http:\\\/\\\/avilaconstruccionesyreformas.es\\\/#breadcrumb\",\"itemListElement\":[{\"@type\":\"ListItem\",\"position\":1,\"name\":\"Portada\",\"item\":\"http:\\\/\\\/avilaconstruccionesyreformas.es\\\/\"},{\"@type\":\"ListItem\",\"position\":2,\"name\":\"Empresa de reformas\"}]},{\"@type\":\"WebSite\",\"@id\":\"http:\\\/\\\/avilaconstruccionesyreformas.es\\\/#website\",\"url\":\"http:\\\/\\\/avilaconstruccionesyreformas.es\\\/\",\"name\":\"Avila Construcciones y Reformas\",\"description\":\"Empresa de Construcciones y reformas\",\"potentialAction\":[{\"@type\":\"SearchAction\",\"target\":{\"@type\":\"EntryPoint\",\"urlTemplate\":\"http:\\\/\\\/avilaconstruccionesyreformas.es\\\/?s={search_term_string}\"},\"query-input\":{\"@type\":\"PropertyValueSpecification\",\"valueRequired\":true,\"valueName\":\"search_term_string\"}}],\"inLanguage\":\"es\"}]}<\/script>\n<!-- \/ Yoast SEO plugin. -->","yoast_head_json":{"title":"Empresa de reformas - Avila Construcciones y Reformas","robots":{"index":"index","follow":"follow","max-snippet":"max-snippet:-1","max-image-preview":"max-image-preview:large","max-video-preview":"max-video-preview:-1"},"canonical":"http:\/\/avilaconstruccionesyreformas.es\/","og_locale":"es_ES","og_type":"article","og_title":"Empresa de reformas - Avila Construcciones y Reformas","og_description":"IDEAS, PLANIFICACI\u00d3N Y SATISFACCI\u00d3N. \u00bfQuiere sentir el confort en su casa, no pasar fr\u00edo, no tener humedades, no sentir mucho calor en verano? Le ofrecemos una soluci\u00f3n que es el\u00a0corcho proyectado. Mejora el aspecto de su vivienda y le da valor. Su deseo hecho realidad. &hellip; Seguir leyendoEmpresa de reformas","og_url":"http:\/\/avilaconstruccionesyreformas.es\/","og_site_name":"Avila Construcciones y Reformas","article_modified_time":"2023-09-01T19:47:15+00:00","twitter_card":"summary_large_image","twitter_misc":{"Tiempo de lectura":"1 minuto"},"schema":{"@context":"https:\/\/schema.org","@graph":[{"@type":"WebPage","@id":"http:\/\/avilaconstruccionesyreformas.es\/","url":"http:\/\/avilaconstruccionesyreformas.es\/","name":"Empresa de reformas - Avila Construcciones y Reformas","isPartOf":{"@id":"http:\/\/avilaconstruccionesyreformas.es\/#website"},"datePublished":"2020-03-26T16:27:45+00:00","dateModified":"2023-09-01T19:47:15+00:00","breadcrumb":{"@id":"http:\/\/avilaconstruccionesyreformas.es\/#breadcrumb"},"inLanguage":"es","potentialAction":[{"@type":"ReadAction","target":["http:\/\/avilaconstruccionesyreformas.es\/"]}]},{"@type":"BreadcrumbList","@id":"http:\/\/avilaconstruccionesyreformas.es\/#breadcrumb","itemListElement":[{"@type":"ListItem","position":1,"name":"Portada","item":"http:\/\/avilaconstruccionesyreformas.es\/"},{"@type":"ListItem","position":2,"name":"Empresa de reformas"}]},{"@type":"WebSite","@id":"http:\/\/avilaconstruccionesyreformas.es\/#website","url":"http:\/\/avilaconstruccionesyreformas.es\/","name":"Avila Construcciones y Reformas","description":"Empresa de Construcciones y reformas","potentialAction":[{"@type":"SearchAction","target":{"@type":"EntryPoint","urlTemplate":"http:\/\/avilaconstruccionesyreformas.es\/?s={search_term_string}"},"query-input":{"@type":"PropertyValueSpecification","valueRequired":true,"valueName":"search_term_string"}}],"inLanguage":"es"}]}},"jetpack_sharing_enabled":true,"_links":{"self":[{"href":"https:\/\/avilaconstruccionesyreformas.es\/index.php?rest_route=\/wp\/v2\/pages\/20","targetHints":{"allow":["GET"]}}],"collection":[{"href":"https:\/\/avilaconstruccionesyreformas.es\/index.php?rest_route=\/wp\/v2\/pages"}],"about":[{"href":"https:\/\/avilaconstruccionesyreformas.es\/index.php?rest_route=\/wp\/v2\/types\/page"}],"author":[{"embeddable":true,"href":"https:\/\/avilaconstruccionesyreformas.es\/index.php?rest_route=\/wp\/v2\/users\/1"}],"replies":[{"embeddable":true,"href":"https:\/\/avilaconstruccionesyreformas.es\/index.php?rest_route=%2Fwp%2Fv2%2Fcomments&post=20"}],"version-history":[{"count":4,"href":"https:\/\/avilaconstruccionesyreformas.es\/index.php?rest_route=\/wp\/v2\/pages\/20\/revisions"}],"predecessor-version":[{"id":222,"href":"https:\/\/avilaconstruccionesyreformas.es\/index.php?rest_route=\/wp\/v2\/pages\/20\/revisions\/222"}],"wp:attachment":[{"href":"https:\/\/avilaconstruccionesyreformas.es\/index.php?rest_route=%2Fwp%2Fv2%2Fmedia&parent=20"}],"curies":[{"name":"wp","href":"https:\/\/api.w.org\/{rel}","templated":true}]}}